{"id":224,"date":"2023-02-11T11:49:48","date_gmt":"2023-02-11T11:49:48","guid":{"rendered":"https:\/\/whitecoatmedspa.com\/aprende\/"},"modified":"2023-02-27T17:40:30","modified_gmt":"2023-02-27T17:40:30","slug":"aprende","status":"publish","type":"page","link":"https:\/\/whitecoatmedspa.com\/en\/aprende\/","title":{"rendered":"Learn"},"content":{"rendered":"\t\t<div data-elementor-type=\"wp-post\" data-elementor-id=\"224\" class=\"elementor elementor-224\" data-elementor-post-type=\"page\">\n\t\t\t\t\t\t<section class=\"elementor-section elementor-top-section elementor-element elementor-element-2e7b6b5a elementor-section-content-middle elementor-section-boxed elementor-section-height-default elementor-section-height-default\" data-id=\"2e7b6b5a\" data-element_type=\"section\" data-e-type=\"section\" data-settings=\"{&quot;background_background&quot;:&quot;classic&quot;}\">\n\t\t\t\t\t\t<div class=\"elementor-container elementor-column-gap-default\">\n\t\t\t\t\t<div class=\"elementor-column elementor-col-50 elementor-top-column elementor-element elementor-element-26a59fe6\" data-id=\"26a59fe6\" data-element_type=\"column\" data-e-type=\"column\">\n\t\t\t<div class=\"elementor-widget-wrap elementor-element-populated\">\n\t\t\t\t\t\t<div class=\"elementor-element elementor-element-68992eb7 elementor-widget elementor-widget-heading\" data-id=\"68992eb7\" data-element_type=\"widget\" data-e-type=\"widget\" data-widget_type=\"heading.default\">\n\t\t\t\t<div class=\"elementor-widget-container\">\n\t\t\t\t\t<h1 class=\"elementor-heading-title elementor-size-default\">APRENDE CON NOSOTROS<\/h1>\t\t\t\t<\/div>\n\t\t\t\t<\/div>\n\t\t\t\t<div class=\"elementor-element elementor-element-b2cfa6c elementor-widget elementor-widget-text-editor\" data-id=\"b2cfa6c\" data-element_type=\"widget\" data-e-type=\"widget\" data-widget_type=\"text-editor.default\">\n\t\t\t\t<div class=\"elementor-widget-container\">\n\t\t\t\t\t\t\t\t\t\u00bfQuieres hacerte alg\u00fan procedimiento con nosotros pero tienes dudas? Descubre aqu\u00ed toda la informaci\u00f3n que necesitas para tomar la mejor decisi\u00f3n.\t\t\t\t\t\t\t\t<\/div>\n\t\t\t\t<\/div>\n\t\t\t\t\t<\/div>\n\t\t<\/div>\n\t\t\t\t<div class=\"elementor-column elementor-col-50 elementor-top-column elementor-element elementor-element-4ef96fa0\" data-id=\"4ef96fa0\" data-element_type=\"column\" data-e-type=\"column\">\n\t\t\t<div class=\"elementor-widget-wrap\">\n\t\t\t\t\t\t\t<\/div>\n\t\t<\/div>\n\t\t\t\t\t<\/div>\n\t\t<\/section>\n\t\t\t\t<section class=\"elementor-section elementor-top-section elementor-element elementor-element-1783fce4 elementor-section-boxed elementor-section-height-default elementor-section-height-default\" data-id=\"1783fce4\" data-element_type=\"section\" data-e-type=\"section\">\n\t\t\t\t\t\t\t<div class=\"elementor-background-overlay\"><\/div>\n\t\t\t\t\t\t\t<div class=\"elementor-container elementor-column-gap-default\">\n\t\t\t\t\t<div class=\"elementor-column elementor-col-100 elementor-top-column elementor-element elementor-element-366ebf93\" data-id=\"366ebf93\" data-element_type=\"column\" data-e-type=\"column\">\n\t\t\t<div class=\"elementor-widget-wrap elementor-element-populated\">\n\t\t\t\t\t\t<div class=\"elementor-element elementor-element-ca3c6d3 elementor-grid-3 elementor-grid-tablet-2 elementor-grid-mobile-1 elementor-widget elementor-widget-loop-grid\" data-id=\"ca3c6d3\" data-element_type=\"widget\" data-e-type=\"widget\" data-settings=\"{&quot;template_id&quot;:469,&quot;_skin&quot;:&quot;post&quot;,&quot;columns&quot;:&quot;3&quot;,&quot;columns_tablet&quot;:&quot;2&quot;,&quot;columns_mobile&quot;:&quot;1&quot;,&quot;edit_handle_selector&quot;:&quot;[data-elementor-type=\\&quot;loop-item\\&quot;]&quot;,&quot;row_gap&quot;:{&quot;unit&quot;:&quot;px&quot;,&quot;size&quot;:&quot;&quot;,&quot;sizes&quot;:[]},&quot;row_gap_tablet&quot;:{&quot;unit&quot;:&quot;px&quot;,&quot;size&quot;:&quot;&quot;,&quot;sizes&quot;:[]},&quot;row_gap_mobile&quot;:{&quot;unit&quot;:&quot;px&quot;,&quot;size&quot;:&quot;&quot;,&quot;sizes&quot;:[]}}\" data-widget_type=\"loop-grid.post\">\n\t\t\t\t<div class=\"elementor-widget-container\">\n\t\t\t\t\t\t\t<div class=\"elementor-loop-container elementor-grid\" role=\"list\">\n\t\t<style id=\"loop-469\">.elementor-469 .elementor-element.elementor-element-aa642fb > .elementor-widget-wrap > .elementor-widget:not(.elementor-widget__width-auto):not(.elementor-widget__width-initial):not(:last-child):not(.elementor-absolute){margin-block-end:15px;}.elementor-469 .elementor-element.elementor-element-ab347d9 .elementor-wrapper{--video-aspect-ratio:1.77777;}.elementor-469 .elementor-element.elementor-element-ab347d9 .elementor-custom-embed-play i{color:var( --e-global-color-c6c17c9 );}.elementor-469 .elementor-element.elementor-element-ab347d9 .elementor-custom-embed-play svg{fill:var( --e-global-color-c6c17c9 );}.elementor-widget-theme-post-title .elementor-heading-title{font-family:var( --e-global-typography-primary-font-family ), Sans-serif;font-weight:var( --e-global-typography-primary-font-weight );text-transform:var( --e-global-typography-primary-text-transform );letter-spacing:var( --e-global-typography-primary-letter-spacing );color:var( --e-global-color-primary );}.elementor-widget-theme-post-excerpt .elementor-widget-container{font-family:var( --e-global-typography-text-font-family ), Sans-serif;font-weight:var( --e-global-typography-text-font-weight );color:var( --e-global-color-text );}.elementor-469 .elementor-element.elementor-element-74b8161 .elementor-widget-container{font-family:var( --e-global-typography-text-font-family ), Sans-serif;font-weight:var( --e-global-typography-text-font-weight );}@media(max-width:1024px){.elementor-widget-theme-post-title .elementor-heading-title{letter-spacing:var( --e-global-typography-primary-letter-spacing );}}@media(max-width:767px){.elementor-widget-theme-post-title .elementor-heading-title{letter-spacing:var( --e-global-typography-primary-letter-spacing );}}<\/style>\t\t<div data-elementor-type=\"loop-item\" data-elementor-id=\"469\" class=\"elementor elementor-469 e-loop-item e-loop-item-400 post-400 video type-video status-publish has-post-thumbnail hentry\" data-elementor-post-type=\"elementor_library\" data-custom-edit-handle=\"1\">\n\t\t\t\t\t<section class=\"elementor-section elementor-top-section elementor-element elementor-element-75a0282 elementor-section-boxed elementor-section-height-default elementor-section-height-default\" data-id=\"75a0282\" data-element_type=\"section\" data-e-type=\"section\">\n\t\t\t\t\t\t<div class=\"elementor-container elementor-column-gap-default\">\n\t\t\t\t\t<div class=\"elementor-column elementor-col-100 elementor-top-column elementor-element elementor-element-aa642fb\" data-id=\"aa642fb\" data-element_type=\"column\" data-e-type=\"column\">\n\t\t\t<div class=\"elementor-widget-wrap elementor-element-populated\">\n\t\t\t\t\t\t<div class=\"elementor-element elementor-element-ab347d9 elementor-widget elementor-widget-video\" data-id=\"ab347d9\" data-element_type=\"widget\" data-e-type=\"widget\" data-settings=\"{&quot;youtube_url&quot;:&quot;https:\\\/\\\/vimeo.com\\\/777061091&quot;,&quot;lazy_load&quot;:&quot;yes&quot;,&quot;show_image_overlay&quot;:&quot;yes&quot;,&quot;lightbox&quot;:&quot;yes&quot;,&quot;image_overlay&quot;:{&quot;id&quot;:401,&quot;url&quot;:&quot;https:\\\/\\\/whitecoatmedspa.com\\\/wp-content\\\/uploads\\\/2023\\\/02\\\/imagen-2.png&quot;},&quot;video_type&quot;:&quot;youtube&quot;,&quot;controls&quot;:&quot;yes&quot;}\" data-widget_type=\"video.default\">\n\t\t\t\t<div class=\"elementor-widget-container\">\n\t\t\t\t\t\t\t<div class=\"elementor-wrapper elementor-open-lightbox\">\n\t\t\t\t\t\t\t<div class=\"elementor-custom-embed-image-overlay\" data-elementor-open-lightbox=\"yes\" data-elementor-lightbox=\"{&quot;type&quot;:&quot;video&quot;,&quot;videoType&quot;:&quot;youtube&quot;,&quot;url&quot;:&quot;https:\\\/\\\/player.vimeo.com\\\/video\\\/777061091?start&amp;end&amp;wmode=opaque&amp;loop=0&amp;controls=1&amp;mute=0&amp;rel=0&amp;cc_load_policy=0#t=&quot;,&quot;autoplay&quot;:&quot;&quot;,&quot;modalOptions&quot;:{&quot;id&quot;:&quot;elementor-lightbox-ab347d9&quot;,&quot;entranceAnimation&quot;:&quot;&quot;,&quot;entranceAnimation_tablet&quot;:&quot;&quot;,&quot;entranceAnimation_mobile&quot;:&quot;&quot;,&quot;videoAspectRatio&quot;:&quot;169&quot;}}\" data-e-action-hash=\"#elementor-action%3Aaction%3Dlightbox%26settings%3DeyJ0eXBlIjoidmlkZW8iLCJ2aWRlb1R5cGUiOiJ5b3V0dWJlIiwidXJsIjoiaHR0cHM6XC9cL3BsYXllci52aW1lby5jb21cL3ZpZGVvXC83NzcwNjEwOTE%2Fc3RhcnQmZW5kJndtb2RlPW9wYXF1ZSZsb29wPTAmY29udHJvbHM9MSZtdXRlPTAmcmVsPTAmY2NfbG9hZF9wb2xpY3k9MCN0PSIsImF1dG9wbGF5IjoiIiwibW9kYWxPcHRpb25zIjp7ImlkIjoiZWxlbWVudG9yLWxpZ2h0Ym94LWFiMzQ3ZDkiLCJlbnRyYW5jZUFuaW1hdGlvbiI6IiIsImVudHJhbmNlQW5pbWF0aW9uX3RhYmxldCI6IiIsImVudHJhbmNlQW5pbWF0aW9uX21vYmlsZSI6IiIsInZpZGVvQXNwZWN0UmF0aW8iOiIxNjkifX0%3D\">\n\t\t\t\t\t\t\t\t\t\t\t<img fetchpriority=\"high\" decoding=\"async\" width=\"347\" height=\"347\" src=\"https:\/\/whitecoatmedspa.com\/wp-content\/uploads\/2023\/02\/imagen-2.png\" class=\"attachment-full size-full wp-image-401\" alt=\"\" srcset=\"https:\/\/whitecoatmedspa.com\/wp-content\/uploads\/2023\/02\/imagen-2.png 347w, https:\/\/whitecoatmedspa.com\/wp-content\/uploads\/2023\/02\/imagen-2-300x300.png 300w, https:\/\/whitecoatmedspa.com\/wp-content\/uploads\/2023\/02\/imagen-2-150x150.png 150w, https:\/\/whitecoatmedspa.com\/wp-content\/uploads\/2023\/02\/imagen-2-12x12.png 12w\" sizes=\"(max-width: 347px) 100vw, 347px\" \/>\t\t\t\t\t\t\t\t\t\t\t\t\t\t\t\t<div class=\"elementor-custom-embed-play\" role=\"button\" aria-label=\"Play Video\" tabindex=\"0\">\n\t\t\t\t\t\t\t<i aria-hidden=\"true\" class=\"fas fa-play-circle\"><\/i>\t\t\t\t\t\t<\/div>\n\t\t\t\t\t\t\t\t\t<\/div>\n\t\t\t\t\t<\/div>\n\t\t\t\t\t\t<\/div>\n\t\t\t\t<\/div>\n\t\t\t\t<div class=\"elementor-element elementor-element-6386d58 elementor-widget elementor-widget-theme-post-title elementor-page-title elementor-widget-heading\" data-id=\"6386d58\" data-element_type=\"widget\" data-e-type=\"widget\" data-widget_type=\"theme-post-title.default\">\n\t\t\t\t<div class=\"elementor-widget-container\">\n\t\t\t\t\t<h4 class=\"elementor-heading-title elementor-size-default\">Video Inicial WCM REEL<\/h4>\t\t\t\t<\/div>\n\t\t\t\t<\/div>\n\t\t\t\t<div class=\"elementor-element elementor-element-74b8161 elementor-widget elementor-widget-theme-post-excerpt\" data-id=\"74b8161\" data-element_type=\"widget\" data-e-type=\"widget\" data-widget_type=\"theme-post-excerpt.default\">\n\t\t\t\t<div class=\"elementor-widget-container\">\n\t\t\t\t\tAprende sobre nuestra cl\u00ednica y lo que podemos hacer por ti en este peque\u00f1o video de presentaci\u00f3n.\t\t\t\t<\/div>\n\t\t\t\t<\/div>\n\t\t\t\t\t<\/div>\n\t\t<\/div>\n\t\t\t\t\t<\/div>\n\t\t<\/section>\n\t\t\t\t<\/div>\n\t\t\t\t<\/div>\n\t\t\n\t\t\t\t\t\t<\/div>\n\t\t\t\t<\/div>\n\t\t\t\t\t<\/div>\n\t\t<\/div>\n\t\t\t\t\t<\/div>\n\t\t<\/section>\n\t\t\t\t<section class=\"elementor-section elementor-top-section elementor-element elementor-element-8274c5a elementor-section-boxed elementor-section-height-default elementor-section-height-default\" data-id=\"8274c5a\" data-element_type=\"section\" data-e-type=\"section\" data-settings=\"{&quot;background_background&quot;:&quot;gradient&quot;}\">\n\t\t\t\t\t\t\t<div class=\"elementor-background-overlay\"><\/div>\n\t\t\t\t\t\t\t<div class=\"elementor-container elementor-column-gap-default\">\n\t\t\t\t\t<div class=\"elementor-column elementor-col-100 elementor-top-column elementor-element elementor-element-329461d6\" data-id=\"329461d6\" data-element_type=\"column\" data-e-type=\"column\" data-settings=\"{&quot;background_background&quot;:&quot;classic&quot;}\">\n\t\t\t<div class=\"elementor-widget-wrap elementor-element-populated\">\n\t\t\t\t\t\t<section class=\"elementor-section elementor-inner-section elementor-element elementor-element-1101a246 elementor-section-boxed elementor-section-height-default elementor-section-height-default\" data-id=\"1101a246\" data-element_type=\"section\" data-e-type=\"section\">\n\t\t\t\t\t\t<div class=\"elementor-container elementor-column-gap-default\">\n\t\t\t\t\t<div class=\"elementor-column elementor-col-50 elementor-inner-column elementor-element elementor-element-3cb710ef\" data-id=\"3cb710ef\" data-element_type=\"column\" data-e-type=\"column\">\n\t\t\t<div class=\"elementor-widget-wrap elementor-element-populated\">\n\t\t\t\t\t\t<div class=\"elementor-element elementor-element-48c45c46 animated-fast elementor-invisible elementor-widget elementor-widget-heading\" data-id=\"48c45c46\" data-element_type=\"widget\" data-e-type=\"widget\" data-settings=\"{&quot;_animation&quot;:&quot;fadeIn&quot;}\" data-widget_type=\"heading.default\">\n\t\t\t\t<div class=\"elementor-widget-container\">\n\t\t\t\t\t<h3 class=\"elementor-heading-title elementor-size-default\">Respondemos tus consultas<\/h3>\t\t\t\t<\/div>\n\t\t\t\t<\/div>\n\t\t\t\t<div class=\"elementor-element elementor-element-4fea0b1 elementor-button-align-start elementor-widget elementor-widget-global elementor-global-604 elementor-widget-form\" data-id=\"4fea0b1\" data-element_type=\"widget\" data-e-type=\"widget\" data-settings=\"{&quot;step_next_label&quot;:&quot;Siguiente&quot;,&quot;step_previous_label&quot;:&quot;Anterior&quot;,&quot;button_width&quot;:&quot;100&quot;,&quot;step_type&quot;:&quot;number_text&quot;,&quot;step_icon_shape&quot;:&quot;circle&quot;}\" data-widget_type=\"form.default\">\n\t\t\t\t<div class=\"elementor-widget-container\">\n\t\t\t\t\t\t\t<form class=\"elementor-form\" method=\"post\" name=\"Contacto\" aria-label=\"Contacto\">\n\t\t\t<input type=\"hidden\" name=\"post_id\" value=\"224\"\/>\n\t\t\t<input type=\"hidden\" name=\"form_id\" value=\"4fea0b1\"\/>\n\t\t\t<input type=\"hidden\" name=\"referer_title\" value=\"White Coat Med Spa\" \/>\n\n\t\t\t\n\t\t\t<div class=\"elementor-form-fields-wrapper elementor-labels-above\">\n\t\t\t\t\t\t\t\t<div class=\"elementor-field-type-text elementor-field-group elementor-column elementor-field-group-name elementor-col-100\">\n\t\t\t\t\t\t\t\t\t\t\t\t<label for=\"form-field-name\" class=\"elementor-field-label\">\n\t\t\t\t\t\t\t\tNombre\t\t\t\t\t\t\t<\/label>\n\t\t\t\t\t\t\t\t\t\t\t\t\t\t<input size=\"1\" type=\"text\" name=\"form_fields[name]\" id=\"form-field-name\" class=\"elementor-field elementor-size-sm  elementor-field-textual\" placeholder=\"Nombre\">\n\t\t\t\t\t\t\t\t\t\t\t<\/div>\n\t\t\t\t\t\t\t\t<div class=\"elementor-field-type-email elementor-field-group elementor-column elementor-field-group-email elementor-col-100 elementor-field-required\">\n\t\t\t\t\t\t\t\t\t\t\t\t<label for=\"form-field-email\" class=\"elementor-field-label\">\n\t\t\t\t\t\t\t\tCorreo electr\u00f3nico\t\t\t\t\t\t\t<\/label>\n\t\t\t\t\t\t\t\t\t\t\t\t\t\t<input size=\"1\" type=\"email\" name=\"form_fields[email]\" id=\"form-field-email\" class=\"elementor-field elementor-size-sm  elementor-field-textual\" placeholder=\"Correo electr\u00f3nico\" required=\"required\">\n\t\t\t\t\t\t\t\t\t\t\t<\/div>\n\t\t\t\t\t\t\t\t<div class=\"elementor-field-type-select elementor-field-group elementor-column elementor-field-group-field_48684f0 elementor-col-100\">\n\t\t\t\t\t\t\t\t\t\t\t\t<label for=\"form-field-field_48684f0\" class=\"elementor-field-label\">\n\t\t\t\t\t\t\t\tTema\t\t\t\t\t\t\t<\/label>\n\t\t\t\t\t\t\t\t<div class=\"elementor-field elementor-select-wrapper remove-before \">\n\t\t\t<div class=\"select-caret-down-wrapper\">\n\t\t\t\t<i aria-hidden=\"true\" class=\"eicon-caret-down\"><\/i>\t\t\t<\/div>\n\t\t\t<select name=\"form_fields[field_48684f0]\" id=\"form-field-field_48684f0\" class=\"elementor-field-textual elementor-size-sm\">\n\t\t\t\t\t\t\t\t\t<option value=\"Consulta general\">Consulta general<\/option>\n\t\t\t\t\t\t\t\t\t<option value=\"Duda sobre precios\">Duda sobre precios<\/option>\n\t\t\t\t\t\t\t\t\t<option value=\"Preguntas sobre el tratamiento\">Preguntas sobre el tratamiento<\/option>\n\t\t\t\t\t\t\t<\/select>\n\t\t<\/div>\n\t\t\t\t\t\t<\/div>\n\t\t\t\t\t\t\t\t<div class=\"elementor-field-type-textarea elementor-field-group elementor-column elementor-field-group-message elementor-col-100\">\n\t\t\t\t\t\t\t\t\t\t\t\t<label for=\"form-field-message\" class=\"elementor-field-label\">\n\t\t\t\t\t\t\t\tMensaje\t\t\t\t\t\t\t<\/label>\n\t\t\t\t\t\t<textarea class=\"elementor-field-textual elementor-field  elementor-size-sm\" name=\"form_fields[message]\" id=\"form-field-message\" rows=\"4\" placeholder=\"Mensaje\"><\/textarea>\t\t\t\t<\/div>\n\t\t\t\t\t\t\t\t<div class=\"elementor-field-type-recaptcha_v3 elementor-field-group elementor-column elementor-field-group-field_36163c6 elementor-col-100 recaptcha_v3-bottomright\">\n\t\t\t\t\t<div class=\"elementor-field\" id=\"form-field-field_36163c6\"><div class=\"elementor-g-recaptcha\" data-sitekey=\"6LcpVrokAAAAAEn-scqa3-mC_Cklktw36fkwFxKA\" data-type=\"v3\" data-action=\"Form\" data-badge=\"bottomright\" data-size=\"invisible\"><\/div><\/div>\t\t\t\t<\/div>\n\t\t\t\t\t\t\t\t<div class=\"elementor-field-group elementor-column elementor-field-type-submit elementor-col-100 e-form__buttons\">\n\t\t\t\t\t<button class=\"elementor-button elementor-size-sm\" type=\"submit\">\n\t\t\t\t\t\t<span class=\"elementor-button-content-wrapper\">\n\t\t\t\t\t\t\t\t\t\t\t\t\t\t\t\t\t\t\t\t\t\t<span class=\"elementor-button-text\">Enviar mensaje<\/span>\n\t\t\t\t\t\t\t\t\t\t\t\t\t<\/span>\n\t\t\t\t\t<\/button>\n\t\t\t\t<\/div>\n\t\t\t<\/div>\n\t\t<\/form>\n\t\t\t\t\t\t<\/div>\n\t\t\t\t<\/div>\n\t\t\t\t\t<\/div>\n\t\t<\/div>\n\t\t\t\t<div class=\"elementor-column elementor-col-50 elementor-inner-column elementor-element elementor-element-4d007ab6\" data-id=\"4d007ab6\" data-element_type=\"column\" data-e-type=\"column\">\n\t\t\t<div class=\"elementor-widget-wrap elementor-element-populated\">\n\t\t\t\t\t\t<div class=\"elementor-element elementor-element-502afd11 elementor-invisible elementor-widget elementor-widget-google_maps\" data-id=\"502afd11\" data-element_type=\"widget\" data-e-type=\"widget\" data-settings=\"{&quot;_animation&quot;:&quot;fadeInRight&quot;}\" data-widget_type=\"google_maps.default\">\n\t\t\t\t<div class=\"elementor-widget-container\">\n\t\t\t\t\t\t\t<div class=\"elementor-custom-embed\">\n\t\t\t<iframe loading=\"lazy\"\n\t\t\t\t\tsrc=\"https:\/\/maps.google.com\/maps?q=7319%20NW%2036%20st%2C%20Miami%2C%20fl%2C%2033166&#038;t=m&#038;z=14&#038;output=embed&#038;iwloc=near\"\n\t\t\t\t\ttitle=\"7319 NW 36 st, Miami, fl, 33166\"\n\t\t\t\t\taria-label=\"7319 NW 36 st, Miami, fl, 33166\"\n\t\t\t><\/iframe>\n\t\t<\/div>\n\t\t\t\t\t\t<\/div>\n\t\t\t\t<\/div>\n\t\t\t\t\t<\/div>\n\t\t<\/div>\n\t\t\t\t\t<\/div>\n\t\t<\/section>\n\t\t\t\t\t<\/div>\n\t\t<\/div>\n\t\t\t\t\t<\/div>\n\t\t<\/section>\n\t\t\t\t<\/div>\n\t\t","protected":false},"excerpt":{"rendered":"<p>APRENDE CON NOSOTROS \u00bfQuieres hacerte alg\u00fan procedimiento con nosotros pero tienes dudas? Descubre aqu\u00ed toda la informaci\u00f3n que necesitas para tomar la mejor decisi\u00f3n. Respondemos tus consultas<\/p>","protected":false},"author":1,"featured_media":0,"parent":0,"menu_order":0,"comment_status":"closed","ping_status":"closed","template":"","meta":{"_acf_changed":false,"footnotes":""},"class_list":["post-224","page","type-page","status-publish","hentry"],"acf":[],"yoast_head":"<!-- This site is optimized with the Yoast SEO plugin v27.5 - https:\/\/yoast.com\/product\/yoast-seo-wordpress\/ -->\n<title>Aprende - White Coat Med Spa<\/title>\n<meta name=\"robots\" content=\"index, follow, max-snippet:-1, max-image-preview:large, max-video-preview:-1\" \/>\n<link rel=\"canonical\" href=\"https:\/\/whitecoatmedspa.com\/en\/aprende\/\" \/>\n<meta property=\"og:locale\" content=\"en_US\" \/>\n<meta property=\"og:type\" content=\"article\" \/>\n<meta property=\"og:title\" content=\"Aprende - White Coat Med Spa\" \/>\n<meta property=\"og:description\" content=\"APRENDE CON NOSOTROS \u00bfQuieres hacerte alg\u00fan procedimiento con nosotros pero tienes dudas? Descubre aqu\u00ed toda la informaci\u00f3n que necesitas para tomar la mejor decisi\u00f3n. Respondemos tus consultas\" \/>\n<meta property=\"og:url\" content=\"https:\/\/whitecoatmedspa.com\/en\/aprende\/\" \/>\n<meta property=\"og:site_name\" content=\"White Coat Med Spa\" \/>\n<meta property=\"article:modified_time\" content=\"2023-02-27T17:40:30+00:00\" \/>\n<meta name=\"twitter:card\" content=\"summary_large_image\" \/>\n<meta name=\"twitter:label1\" content=\"Est. reading time\" \/>\n\t<meta name=\"twitter:data1\" content=\"2 minutes\" \/>\n<script type=\"application\/ld+json\" class=\"yoast-schema-graph\">{\"@context\":\"https:\\\/\\\/schema.org\",\"@graph\":[{\"@type\":\"WebPage\",\"@id\":\"https:\\\/\\\/whitecoatmedspa.com\\\/aprende\\\/\",\"url\":\"https:\\\/\\\/whitecoatmedspa.com\\\/aprende\\\/\",\"name\":\"Aprende - White Coat Med Spa\",\"isPartOf\":{\"@id\":\"https:\\\/\\\/whitecoatmedspa.com\\\/#website\"},\"datePublished\":\"2023-02-11T11:49:48+00:00\",\"dateModified\":\"2023-02-27T17:40:30+00:00\",\"breadcrumb\":{\"@id\":\"https:\\\/\\\/whitecoatmedspa.com\\\/aprende\\\/#breadcrumb\"},\"inLanguage\":\"en-US\",\"potentialAction\":[{\"@type\":\"ReadAction\",\"target\":[\"https:\\\/\\\/whitecoatmedspa.com\\\/aprende\\\/\"]}]},{\"@type\":\"BreadcrumbList\",\"@id\":\"https:\\\/\\\/whitecoatmedspa.com\\\/aprende\\\/#breadcrumb\",\"itemListElement\":[{\"@type\":\"ListItem\",\"position\":1,\"name\":\"Portada\",\"item\":\"https:\\\/\\\/whitecoatmedspa.com\\\/\"},{\"@type\":\"ListItem\",\"position\":2,\"name\":\"Aprende\"}]},{\"@type\":\"WebSite\",\"@id\":\"https:\\\/\\\/whitecoatmedspa.com\\\/#website\",\"url\":\"https:\\\/\\\/whitecoatmedspa.com\\\/\",\"name\":\"White Coat Med Spa\",\"description\":\"Especialistas de belleza de Miami\",\"publisher\":{\"@id\":\"https:\\\/\\\/whitecoatmedspa.com\\\/#organization\"},\"potentialAction\":[{\"@type\":\"SearchAction\",\"target\":{\"@type\":\"EntryPoint\",\"urlTemplate\":\"https:\\\/\\\/whitecoatmedspa.com\\\/?s={search_term_string}\"},\"query-input\":{\"@type\":\"PropertyValueSpecification\",\"valueRequired\":true,\"valueName\":\"search_term_string\"}}],\"inLanguage\":\"en-US\"},{\"@type\":\"Organization\",\"@id\":\"https:\\\/\\\/whitecoatmedspa.com\\\/#organization\",\"name\":\"White Coat Med Spa\",\"url\":\"https:\\\/\\\/whitecoatmedspa.com\\\/\",\"logo\":{\"@type\":\"ImageObject\",\"inLanguage\":\"en-US\",\"@id\":\"https:\\\/\\\/whitecoatmedspa.com\\\/#\\\/schema\\\/logo\\\/image\\\/\",\"url\":\"https:\\\/\\\/whitecoatmedspa.com\\\/wp-content\\\/uploads\\\/2023\\\/02\\\/imagen.png\",\"contentUrl\":\"https:\\\/\\\/whitecoatmedspa.com\\\/wp-content\\\/uploads\\\/2023\\\/02\\\/imagen.png\",\"width\":163,\"height\":89,\"caption\":\"White Coat Med Spa\"},\"image\":{\"@id\":\"https:\\\/\\\/whitecoatmedspa.com\\\/#\\\/schema\\\/logo\\\/image\\\/\"},\"sameAs\":[\"https:\\\/\\\/www.instagram.com\\\/white_coat_medspa\\\/\"]}]}<\/script>\n<!-- \/ Yoast SEO plugin. -->","yoast_head_json":{"title":"Aprende - White Coat Med Spa","robots":{"index":"index","follow":"follow","max-snippet":"max-snippet:-1","max-image-preview":"max-image-preview:large","max-video-preview":"max-video-preview:-1"},"canonical":"https:\/\/whitecoatmedspa.com\/en\/aprende\/","og_locale":"en_US","og_type":"article","og_title":"Aprende - White Coat Med Spa","og_description":"APRENDE CON NOSOTROS \u00bfQuieres hacerte alg\u00fan procedimiento con nosotros pero tienes dudas? Descubre aqu\u00ed toda la informaci\u00f3n que necesitas para tomar la mejor decisi\u00f3n. Respondemos tus consultas","og_url":"https:\/\/whitecoatmedspa.com\/en\/aprende\/","og_site_name":"White Coat Med Spa","article_modified_time":"2023-02-27T17:40:30+00:00","twitter_card":"summary_large_image","twitter_misc":{"Est. reading time":"2 minutes"},"schema":{"@context":"https:\/\/schema.org","@graph":[{"@type":"WebPage","@id":"https:\/\/whitecoatmedspa.com\/aprende\/","url":"https:\/\/whitecoatmedspa.com\/aprende\/","name":"Aprende - White Coat Med Spa","isPartOf":{"@id":"https:\/\/whitecoatmedspa.com\/#website"},"datePublished":"2023-02-11T11:49:48+00:00","dateModified":"2023-02-27T17:40:30+00:00","breadcrumb":{"@id":"https:\/\/whitecoatmedspa.com\/aprende\/#breadcrumb"},"inLanguage":"en-US","potentialAction":[{"@type":"ReadAction","target":["https:\/\/whitecoatmedspa.com\/aprende\/"]}]},{"@type":"BreadcrumbList","@id":"https:\/\/whitecoatmedspa.com\/aprende\/#breadcrumb","itemListElement":[{"@type":"ListItem","position":1,"name":"Portada","item":"https:\/\/whitecoatmedspa.com\/"},{"@type":"ListItem","position":2,"name":"Aprende"}]},{"@type":"WebSite","@id":"https:\/\/whitecoatmedspa.com\/#website","url":"https:\/\/whitecoatmedspa.com\/","name":"White Coat Med Spa","description":"Especialistas de belleza de Miami","publisher":{"@id":"https:\/\/whitecoatmedspa.com\/#organization"},"potentialAction":[{"@type":"SearchAction","target":{"@type":"EntryPoint","urlTemplate":"https:\/\/whitecoatmedspa.com\/?s={search_term_string}"},"query-input":{"@type":"PropertyValueSpecification","valueRequired":true,"valueName":"search_term_string"}}],"inLanguage":"en-US"},{"@type":"Organization","@id":"https:\/\/whitecoatmedspa.com\/#organization","name":"White Coat Med Spa","url":"https:\/\/whitecoatmedspa.com\/","logo":{"@type":"ImageObject","inLanguage":"en-US","@id":"https:\/\/whitecoatmedspa.com\/#\/schema\/logo\/image\/","url":"https:\/\/whitecoatmedspa.com\/wp-content\/uploads\/2023\/02\/imagen.png","contentUrl":"https:\/\/whitecoatmedspa.com\/wp-content\/uploads\/2023\/02\/imagen.png","width":163,"height":89,"caption":"White Coat Med Spa"},"image":{"@id":"https:\/\/whitecoatmedspa.com\/#\/schema\/logo\/image\/"},"sameAs":["https:\/\/www.instagram.com\/white_coat_medspa\/"]}]}},"_links":{"self":[{"href":"https:\/\/whitecoatmedspa.com\/en\/wp-json\/wp\/v2\/pages\/224","targetHints":{"allow":["GET"]}}],"collection":[{"href":"https:\/\/whitecoatmedspa.com\/en\/wp-json\/wp\/v2\/pages"}],"about":[{"href":"https:\/\/whitecoatmedspa.com\/en\/wp-json\/wp\/v2\/types\/page"}],"author":[{"embeddable":true,"href":"https:\/\/whitecoatmedspa.com\/en\/wp-json\/wp\/v2\/users\/1"}],"replies":[{"embeddable":true,"href":"https:\/\/whitecoatmedspa.com\/en\/wp-json\/wp\/v2\/comments?post=224"}],"version-history":[{"count":0,"href":"https:\/\/whitecoatmedspa.com\/en\/wp-json\/wp\/v2\/pages\/224\/revisions"}],"wp:attachment":[{"href":"https:\/\/whitecoatmedspa.com\/en\/wp-json\/wp\/v2\/media?parent=224"}],"curies":[{"name":"wp","href":"https:\/\/api.w.org\/{rel}","templated":true}]}}